{"id":11301,"date":"2023-01-24T04:29:07","date_gmt":"2023-01-24T04:29:07","guid":{"rendered":"https:\/\/seasafaritenerife.com\/?page_id=11301"},"modified":"2023-02-21T08:12:15","modified_gmt":"2023-02-21T08:12:15","slug":"waterski-wakeboard","status":"publish","type":"page","link":"https:\/\/seasafaritenerife.com\/fr\/waterski-wakeboard\/","title":{"rendered":"Waterski &#8211; Wakeboard"},"content":{"rendered":"<div data-elementor-type=\"wp-page\" data-elementor-id=\"11301\" class=\"elementor elementor-11301\" data-elementor-post-type=\"page\">\n\t\t\t\t\t\t<section class=\"elementor-section elementor-top-section elementor-element elementor-element-4e29427 elementor-section-boxed elementor-section-height-default elementor-section-height-default\" data-id=\"4e29427\" data-element_type=\"section\" data-e-type=\"section\">\n\t\t\t\t\t\t<div class=\"elementor-container elementor-column-gap-default\">\n\t\t\t\t\t<div class=\"elementor-column elementor-col-100 elementor-top-column elementor-element elementor-element-140f9e6\" data-id=\"140f9e6\" data-element_type=\"column\" data-e-type=\"column\">\n\t\t\t<div class=\"elementor-widget-wrap elementor-element-populated\">\n\t\t\t\t\t\t<section class=\"elementor-section elementor-inner-section elementor-element elementor-element-3202e2d elementor-section-boxed elementor-section-height-default elementor-section-height-default\" data-id=\"3202e2d\" data-element_type=\"section\" data-e-type=\"section\">\n\t\t\t\t\t\t<div class=\"elementor-container elementor-column-gap-default\">\n\t\t\t\t\t<div class=\"elementor-column elementor-col-100 elementor-inner-column elementor-element elementor-element-61b306b\" data-id=\"61b306b\" data-element_type=\"column\" data-e-type=\"column\">\n\t\t\t<div class=\"elementor-widget-wrap elementor-element-populated\">\n\t\t\t\t\t\t<div class=\"elementor-element elementor-element-6de7267 elementor-widget elementor-widget-section_title\" data-id=\"6de7267\" data-element_type=\"widget\" data-e-type=\"widget\" data-widget_type=\"section_title.default\">\n\t\t\t\t<div class=\"elementor-widget-container\">\n\t\t\t\t\t        <div class=\"section-title section-title-dk-blue fl-wrap\">\n                        <h2><span>Ski nautique - Wakeboard<\/span><\/h2>            <div class=\"section-subtitle\">Ski nautique - Wakeboard<\/div>                            <span class=\"section-separator section-separator-dk-blue\"><\/span> \n                        Nous vous pr\u00e9sentons les meilleures excursions disponibles au meilleur prix bas\u00e9es sur notre exp\u00e9rience !\n\n<br>\n<a href=\"https:\/\/api.whatsapp.com\/send\/?phone=34600670879&text=Hi%2C+I+would+like+to+book+the+%7BEXCURSION+NAME%7D+on+%7BDATE%7D+for+%7BNUMBER%7D+people.&type=phone_number&app_absent=0\" target=\"_blank\"><img decoding=\"async\" src=\"https:\/\/seasafaritenerife.com\/wp-content\/uploads\/2023\/01\/Whatsapp-button-Sea.png\" alt=\"Book with WhatsApp\" width=\"150\" ><\/a>\n\n<a href=\"mailto:holaseasafaritenerife@gmail.com\" target=\"_blank\"><img decoding=\"async\" src=\"https:\/\/seasafaritenerife.com\/wp-content\/uploads\/2023\/01\/Email-button-copy.png\" alt=\"Email us\" width=\"150\" ><\/a>\n\n<br><i>\n- Quelle excursion souhaitez-vous r\u00e9server ?<br>\n- Quand voulez-vous le r\u00e9server ?<br>\n- Pour combien de personnes souhaitez-vous le r\u00e9server ?\n<br>\n- WhatsApp dans votre propre langue !\n<\/i> \n        <\/div>\n        \t\t\t\t<\/div>\n\t\t\t\t<\/div>\n\t\t\t\t<div class=\"elementor-element elementor-element-515fbcb elementor-widget elementor-widget-listings_grid_new\" data-id=\"515fbcb\" data-element_type=\"widget\" data-e-type=\"widget\" data-widget_type=\"listings_grid_new.default\">\n\t\t\t\t<div class=\"elementor-widget-container\">\n\t\t\t\t\t        <!-- carousel -->\n        <div class=\"listings-grid-wrap clearfix three-cols\">\n\n\n                <!-- list-main-wrap-->\n                <div class=\"list-main-wrap fl-wrap card-listing cthiso-isotope-wrapper\">\n\n                    <div class=\"container\">\n                        <div class=\"row\">\n\n                            <div class=\"col-md-12\">\n\n                                \n                                <div class=\"cthiso-items cthiso-small-pad cthiso-three-cols clearfix cthiso-flexes\">\n                                    <div class=\"cthiso-sizer\"><\/div>\n                                    \n<!-- listing-item -->\n<div class=\"cthiso-item listing-item-loop post-11322 listing type-listing status-publish has-post-thumbnail hentry listing_cat-waterski-wakeboard listing_location-es listing_tag-wakeboard listing_tag-waterski listing_tag-watersports\"  data-postid=\"11322\">\n    <article class=\"geodir-category-listing fl-wrap\">\n        <div class=\"azp_element preview_listing azp-element-azp-sgfq927d1s geodir-category-img\" >\n    \n            \n\n    <a href=\"https:\/\/seasafaritenerife.com\/fr\/listing\/waterski-wakeboard\/\" class=\"listing-thumb-link geodir-category-img-wrap fl-wrap\">\n        \n        <img fetchpriority=\"high\" width=\"424\" height=\"280\" class=\"respimg lazy\" alt=\"\" data-src=\"https:\/\/seasafaritenerife.com\/wp-content\/uploads\/2023\/01\/michael-kucharski-0WYlewzOO6c-unsplash-424x280.jpg\" data-lazy=\"https:\/\/seasafaritenerife.com\/wp-content\/uploads\/2023\/01\/michael-kucharski-0WYlewzOO6c-unsplash-424x280.jpg\" \/>\n        <div class=\"overlay\"><\/div>    <\/a>\n        <div class=\"listing-avatar\"><a href=\"https:\/\/seasafaritenerife.com\/fr\/author\/tinev\/\"><img alt=\"TineV\" class=\"avatar avatar-80 photo lazy\" height=\"80\" width=\"80\" data-src=\"https:\/\/seasafaritenerife.com\/wp-content\/uploads\/2022\/03\/8e.jpg\" data-lazy=\"https:\/\/seasafaritenerife.com\/wp-content\/uploads\/2022\/03\/8e.jpg\"><\/a>\n        <span class=\"avatar-tooltip lpre-avatar\">Added By <strong>DentV<\/strong><\/span>\n    <\/div>\n    \n    \n     \n\n    \n    \n    \t<div class=\"geodir_status_date lstatus-opening\"><i class=\"fal fa-lock-open\"><\/i>Now Open<\/div>\n\t\n    \n     \n          \n        <div class=\"lcfields-wrap dis-flex\"><\/div>\n    \n<\/div>\n<div class=\"azp_element preview_listing_content azp-element-azp-e49ww3xidf9 geodir-category-content\" >\n\n    \n    <div class=\"geodir-category-content-title fl-wrap\">\n        <div class=\"geodir-category-content-title-item\">\n            <h3 class=\"title-sin_map\">\n                                <a href=\"https:\/\/seasafaritenerife.com\/fr\/listing\/waterski-wakeboard\/\">Ski nautique &amp; Wakeboard<\/a>\n                            <\/h3>\n            <div class=\"geodir-category-location fl-wrap\"><a href=\"#\" class=\"map-item\" target=\"_blank\"><i class=\"fas fa-map-marker-alt\"><\/i>Puerto Col\u00f3n<\/a><\/div>        <\/div>\n    <\/div>\n    <div class=\"geodir-category-text fl-wrap\">\n                        <div class=\"lcfields-wrap dis-flex\"><div class=\"azp_element lcustom_field lcfield-short-description ftitle-block-no azp-element-azp-55jpqu8m2f5 lcfield-wid-12 lcus-field-type-dflt lcus-sec-style-no authplan-hide-false\">\n    <div class=\"for-hide-on-author\"><\/div>\n                <div class=\"lcfield-inner\">\n                                                            <span class=\"lcfield-value\"><p>Si vous \u00eates \u00e0 la recherche de sports nautiques s\u00e9rieux \u00e0 Tenerife, venez essayer le wakeboard ou le ski nautique !<\/p><\/span>\n                                    <\/div>\n    <\/div>\n<\/div>\n        <div class=\"lcard-price\">Price: <strong>50,00 \u20ac<\/strong><\/div>    <\/div>\n        <div class=\"geodir-category-footer fl-wrap dis-flex\">\n                    <div class=\"listing-cats-wrap dis-flex\">\n                <a href=\"https:\/\/seasafaritenerife.com\/fr\/listing_cat\/waterski-wakeboard\/\" class=\"listing-item-category-wrap flex-items-center\"><span>Ski nautique - Wakeboard<\/span><\/a>             <\/div>\n                        <div class=\"geodir-opt-list dis-flex\">\n            <ul class=\"no-list-style\">\n                                                <li class=\"lcard-bot-infos\"><a href=\"#\" class=\"show_gcc\"><i class=\"fal fa-envelope\"><\/i><span class=\"geodir-opt-tooltip\">Contact Info<\/span><\/a><\/li>                                            <\/ul>\n        <\/div>\n                <div class=\"geodir-category_contacts\">\n            <div class=\"close_gcc\"><i class=\"fal fa-times-circle\"><\/i><\/div>\n            <ul class=\"no-list-style\">\n                <li><span><i class=\"fal fa-phone\"><\/i> Call : <\/span><a href=\"tel:+34600670879\">+34600670879<\/a><\/li>                <li><span><i class=\"fal fa-envelope\"><\/i> Write : <\/span><a href=\"mailto:holaseasafaritenerife@gmail.com\">holaseasafaritenerife@gmail.com<\/a><\/li>                            <\/ul>\n        <\/div>\n            <\/div>\n    <\/div>\n    <\/article>\n<\/div>\n<!-- listing-item end-->                                  <\/div>\n                                                                <div class=\"view-all-listings\"><a href=\"https:\/\/seasafaritenerife.com\/fr\/listing\/\"  class=\"btn  dec_btn  color2-bg\">Consultez toutes les annonces<i class=\"fal fa-arrow-alt-right\"><\/i><\/a><\/div>\n                            <\/div>\n                            <!-- end col-md-12 -->\n                        <\/div>\n                        <!-- end row -->\n                    <\/div>\n                    <!-- end container -->\n                <\/div>\n                <!-- list-main-wrap end-->\n\n        <\/div>\n        <!--  listings-grid-wrap end-->\n\n        \n                \t\t\t\t<\/div>\n\t\t\t\t<\/div>\n\t\t\t\t\t<\/div>\n\t\t<\/div>\n\t\t\t\t\t<\/div>\n\t\t<\/section>\n\t\t\t\t\t<\/div>\n\t\t<\/div>\n\t\t\t\t\t<\/div>\n\t\t<\/section>\n\t\t\t\t<section class=\"elementor-section elementor-top-section elementor-element elementor-element-370bc46 elementor-section-boxed elementor-section-height-default elementor-section-height-default\" data-id=\"370bc46\" data-element_type=\"section\" data-e-type=\"section\">\n\t\t\t\t\t\t<div class=\"elementor-container elementor-column-gap-default\">\n\t\t\t\t\t<div class=\"elementor-column elementor-col-100 elementor-top-column elementor-element elementor-element-01d2d18\" data-id=\"01d2d18\" data-element_type=\"column\" data-e-type=\"column\">\n\t\t\t<div class=\"elementor-widget-wrap elementor-element-populated\">\n\t\t\t\t\t\t<div class=\"elementor-element elementor-element-2e0ca08 elementor-widget elementor-widget-section_title\" data-id=\"2e0ca08\" data-element_type=\"widget\" data-e-type=\"widget\" data-widget_type=\"section_title.default\">\n\t\t\t\t<div class=\"elementor-widget-container\">\n\t\t\t\t\t        <div class=\"section-title section-title-dk-blue fl-wrap\">\n                        <h2><span>Excursions les plus populaires<\/span><\/h2>            <div class=\"section-subtitle\">EXCURSIONS POPULAIRES<\/div>                            <span class=\"section-separator section-separator-dk-blue\"><\/span> \n                        <p>Notre s\u00e9lection des excursions les meilleures et les plus populaires avec des critiques positives.<\/p> \n        <\/div>\n        \t\t\t\t<\/div>\n\t\t\t\t<\/div>\n\t\t\t\t<section class=\"elementor-section elementor-inner-section elementor-element elementor-element-1ecbcc6 elementor-section-boxed elementor-section-height-default elementor-section-height-default\" data-id=\"1ecbcc6\" data-element_type=\"section\" data-e-type=\"section\">\n\t\t\t\t\t\t<div class=\"elementor-container elementor-column-gap-default\">\n\t\t\t\t\t<div class=\"elementor-column elementor-col-25 elementor-inner-column elementor-element elementor-element-f64bdd8\" data-id=\"f64bdd8\" data-element_type=\"column\" data-e-type=\"column\">\n\t\t\t<div class=\"elementor-widget-wrap elementor-element-populated\">\n\t\t\t\t\t\t<div class=\"elementor-element elementor-element-6f83790 elementor-widget elementor-widget-image\" data-id=\"6f83790\" data-element_type=\"widget\" data-e-type=\"widget\" data-widget_type=\"image.default\">\n\t\t\t\t<div class=\"elementor-widget-container\">\n\t\t\t\t\t\t\t\t\t\t\t\t\t\t\t\t<a href=\"https:\/\/seasafaritenerife.com\/fr\/boats-dolphin-whales\/\">\n\t\t\t\t\t\t\t<img width=\"724\" height=\"483\" class=\"attachment-large size-large wp-image-11536 lazy\" alt=\"\" data-src=\"https:\/\/seasafaritenerife.com\/wp-content\/uploads\/2023\/02\/Boats-watersports.png\" data-lazy=\"https:\/\/seasafaritenerife.com\/wp-content\/uploads\/2023\/02\/Boats-watersports.png\" \/>\t\t\t\t\t\t\t\t<\/a>\n\t\t\t\t\t\t\t\t\t\t\t\t\t\t\t<\/div>\n\t\t\t\t<\/div>\n\t\t\t\t\t<\/div>\n\t\t<\/div>\n\t\t\t\t<div class=\"elementor-column elementor-col-25 elementor-inner-column elementor-element elementor-element-6b28ede\" data-id=\"6b28ede\" data-element_type=\"column\" data-e-type=\"column\">\n\t\t\t<div class=\"elementor-widget-wrap elementor-element-populated\">\n\t\t\t\t\t\t<div class=\"elementor-element elementor-element-9290bb2 elementor-widget elementor-widget-image\" data-id=\"9290bb2\" data-element_type=\"widget\" data-e-type=\"widget\" data-widget_type=\"image.default\">\n\t\t\t\t<div class=\"elementor-widget-container\">\n\t\t\t\t\t\t\t\t\t\t\t\t\t\t\t\t<a href=\"https:\/\/seasafaritenerife.com\/fr\/parks-shows-party\/\">\n\t\t\t\t\t\t\t<img loading=\"lazy\" width=\"700\" height=\"460\" class=\"attachment-large size-large wp-image-11534 lazy\" alt=\"\" data-src=\"https:\/\/seasafaritenerife.com\/wp-content\/uploads\/2023\/02\/Parks-Shows.png\" data-lazy=\"https:\/\/seasafaritenerife.com\/wp-content\/uploads\/2023\/02\/Parks-Shows.png\" \/>\t\t\t\t\t\t\t\t<\/a>\n\t\t\t\t\t\t\t\t\t\t\t\t\t\t\t<\/div>\n\t\t\t\t<\/div>\n\t\t\t\t\t<\/div>\n\t\t<\/div>\n\t\t\t\t<div class=\"elementor-column elementor-col-25 elementor-inner-column elementor-element elementor-element-7bed590\" data-id=\"7bed590\" data-element_type=\"column\" data-e-type=\"column\">\n\t\t\t<div class=\"elementor-widget-wrap elementor-element-populated\">\n\t\t\t\t\t\t<div class=\"elementor-element elementor-element-7e5ac12 elementor-widget elementor-widget-image\" data-id=\"7e5ac12\" data-element_type=\"widget\" data-e-type=\"widget\" data-widget_type=\"image.default\">\n\t\t\t\t<div class=\"elementor-widget-container\">\n\t\t\t\t\t\t\t\t\t\t\t\t\t\t\t\t<a href=\"https:\/\/seasafaritenerife.com\/fr\/excursions\/\">\n\t\t\t\t\t\t\t<img loading=\"lazy\" width=\"700\" height=\"464\" class=\"attachment-large size-large wp-image-11538 lazy\" alt=\"\" data-src=\"https:\/\/seasafaritenerife.com\/wp-content\/uploads\/2023\/02\/Excursions.png\" data-lazy=\"https:\/\/seasafaritenerife.com\/wp-content\/uploads\/2023\/02\/Excursions.png\" \/>\t\t\t\t\t\t\t\t<\/a>\n\t\t\t\t\t\t\t\t\t\t\t\t\t\t\t<\/div>\n\t\t\t\t<\/div>\n\t\t\t\t\t<\/div>\n\t\t<\/div>\n\t\t\t\t<div class=\"elementor-column elementor-col-25 elementor-inner-column elementor-element elementor-element-fe7a9df\" data-id=\"fe7a9df\" data-element_type=\"column\" data-e-type=\"column\">\n\t\t\t<div class=\"elementor-widget-wrap elementor-element-populated\">\n\t\t\t\t\t\t<div class=\"elementor-element elementor-element-b337e26 elementor-widget elementor-widget-image\" data-id=\"b337e26\" data-element_type=\"widget\" data-e-type=\"widget\" data-widget_type=\"image.default\">\n\t\t\t\t<div class=\"elementor-widget-container\">\n\t\t\t\t\t\t\t\t\t\t\t\t\t\t\t\t<a href=\"https:\/\/seasafaritenerife.com\/fr\/listing\/sea-safari-boat\/\">\n\t\t\t\t\t\t\t<img loading=\"lazy\" width=\"702\" height=\"460\" class=\"attachment-large size-large wp-image-11537 lazy\" alt=\"\" data-src=\"https:\/\/seasafaritenerife.com\/wp-content\/uploads\/2023\/02\/Excursion-of-the-month.png\" data-lazy=\"https:\/\/seasafaritenerife.com\/wp-content\/uploads\/2023\/02\/Excursion-of-the-month.png\" \/>\t\t\t\t\t\t\t\t<\/a>\n\t\t\t\t\t\t\t\t\t\t\t\t\t\t\t<\/div>\n\t\t\t\t<\/div>\n\t\t\t\t\t<\/div>\n\t\t<\/div>\n\t\t\t\t\t<\/div>\n\t\t<\/section>\n\t\t\t\t\t<\/div>\n\t\t<\/div>\n\t\t\t\t\t<\/div>\n\t\t<\/section>\n\t\t\t\t<section class=\"elementor-section elementor-top-section elementor-element elementor-element-9fa5ceb parallax-section text-center elementor-section-boxed elementor-section-height-default elementor-section-height-default\" data-id=\"9fa5ceb\" data-element_type=\"section\" data-e-type=\"section\" data-settings=\"{&quot;background_background&quot;:&quot;classic&quot;}\">\n\t\t\t\t\t\t\t<div class=\"elementor-background-overlay\"><\/div>\n\t\t\t\t\t\t\t<div class=\"elementor-container elementor-column-gap-default\">\n\t\t\t\t\t<div class=\"elementor-column elementor-col-100 elementor-top-column elementor-element elementor-element-7784826\" data-id=\"7784826\" data-element_type=\"column\" data-e-type=\"column\">\n\t\t\t<div class=\"elementor-widget-wrap elementor-element-populated\">\n\t\t\t\t\t\t<div class=\"elementor-element elementor-element-02efa5d elementor-widget elementor-widget-parallax_content\" data-id=\"02efa5d\" data-element_type=\"widget\" data-e-type=\"widget\" data-widget_type=\"parallax_content.default\">\n\t\t\t\t<div class=\"elementor-widget-container\">\n\t\t\t\t\t        <div class=\"parallax-content\">\n            <div class=\"video_section-title fl-wrap\">\n                <h4>Seules les meilleures excursions<\/h4><h2>Nous avons particip\u00e9 nous-m\u00eames \u00e0 chaque excursion sur notre site<\/br> et nous en sommes extr\u00eamement satisfaits.<\/h2>            <\/div>\n        <\/div>\n        \t\t\t\t<\/div>\n\t\t\t\t<\/div>\n\t\t\t\t\t<\/div>\n\t\t<\/div>\n\t\t\t\t\t<\/div>\n\t\t<\/section>\n\t\t\t\t<\/div>","protected":false},"excerpt":{"rendered":"<p>Waterski &#8211; Wakeboard Waterski &#8211; Wakeboard We present you the best available excursions at the best price based on our experience! &#8211; What excursion do you want to book? &#8211; When do you want to book it? &#8211; For how many people do you want to book it? &#8211; WhatsApp in your own language! Added &hellip; <\/p>","protected":false},"author":2,"featured_media":0,"parent":0,"menu_order":0,"comment_status":"closed","ping_status":"closed","template":"elementor_header_footer","meta":{"_joinchat":[],"footnotes":""},"class_list":["post-11301","page","type-page","status-publish","hentry"],"yoast_head":"<!-- This site is optimized with the Yoast SEO plugin v26.6 - https:\/\/yoast.com\/wordpress\/plugins\/seo\/ -->\n<title>Waterski - Wakeboard - Sea Safari Tenerife Excursions<\/title>\n<meta name=\"robots\" content=\"index, follow, max-snippet:-1, max-image-preview:large, max-video-preview:-1\" \/>\n<link rel=\"canonical\" href=\"https:\/\/seasafaritenerife.com\/fr\/waterski-wakeboard\/\" \/>\n<meta property=\"og:locale\" content=\"fr_FR\" \/>\n<meta property=\"og:type\" content=\"article\" \/>\n<meta property=\"og:title\" content=\"Waterski - Wakeboard - Sea Safari Tenerife Excursions\" \/>\n<meta property=\"og:description\" content=\"Waterski &#8211; Wakeboard Waterski &#8211; Wakeboard We present you the best available excursions at the best price based on our experience! &#8211; What excursion do you want to book? &#8211; When do you want to book it? &#8211; For how many people do you want to book it? &#8211; WhatsApp in your own language! Added &hellip;\" \/>\n<meta property=\"og:url\" content=\"https:\/\/seasafaritenerife.com\/fr\/waterski-wakeboard\/\" \/>\n<meta property=\"og:site_name\" content=\"Sea Safari Tenerife Excursions\" \/>\n<meta property=\"article:modified_time\" content=\"2023-02-21T08:12:15+00:00\" \/>\n<meta property=\"og:image\" content=\"https:\/\/seasafaritenerife.com\/wp-content\/uploads\/2023\/01\/Whatsapp-button-Sea.png\" \/>\n<meta name=\"twitter:card\" content=\"summary_large_image\" \/>\n<meta name=\"twitter:label1\" content=\"Dur\u00e9e de lecture estim\u00e9e\" \/>\n\t<meta name=\"twitter:data1\" content=\"1 minute\" \/>\n<script type=\"application\/ld+json\" class=\"yoast-schema-graph\">{\"@context\":\"https:\/\/schema.org\",\"@graph\":[{\"@type\":\"WebPage\",\"@id\":\"https:\/\/seasafaritenerife.com\/waterski-wakeboard\/\",\"url\":\"https:\/\/seasafaritenerife.com\/waterski-wakeboard\/\",\"name\":\"Waterski - Wakeboard - Sea Safari Tenerife Excursions\",\"isPartOf\":{\"@id\":\"https:\/\/seasafaritenerife.com\/#website\"},\"primaryImageOfPage\":{\"@id\":\"https:\/\/seasafaritenerife.com\/waterski-wakeboard\/#primaryimage\"},\"image\":{\"@id\":\"https:\/\/seasafaritenerife.com\/waterski-wakeboard\/#primaryimage\"},\"thumbnailUrl\":\"https:\/\/seasafaritenerife.com\/wp-content\/uploads\/2023\/01\/Whatsapp-button-Sea.png\",\"datePublished\":\"2023-01-24T04:29:07+00:00\",\"dateModified\":\"2023-02-21T08:12:15+00:00\",\"breadcrumb\":{\"@id\":\"https:\/\/seasafaritenerife.com\/waterski-wakeboard\/#breadcrumb\"},\"inLanguage\":\"fr-FR\",\"potentialAction\":[{\"@type\":\"ReadAction\",\"target\":[\"https:\/\/seasafaritenerife.com\/waterski-wakeboard\/\"]}]},{\"@type\":\"ImageObject\",\"inLanguage\":\"fr-FR\",\"@id\":\"https:\/\/seasafaritenerife.com\/waterski-wakeboard\/#primaryimage\",\"url\":\"https:\/\/seasafaritenerife.com\/wp-content\/uploads\/2023\/01\/Whatsapp-button-Sea.png\",\"contentUrl\":\"https:\/\/seasafaritenerife.com\/wp-content\/uploads\/2023\/01\/Whatsapp-button-Sea.png\"},{\"@type\":\"BreadcrumbList\",\"@id\":\"https:\/\/seasafaritenerife.com\/waterski-wakeboard\/#breadcrumb\",\"itemListElement\":[{\"@type\":\"ListItem\",\"position\":1,\"name\":\"Home\",\"item\":\"https:\/\/seasafaritenerife.com\/\"},{\"@type\":\"ListItem\",\"position\":2,\"name\":\"Waterski &#8211; Wakeboard\"}]},{\"@type\":\"WebSite\",\"@id\":\"https:\/\/seasafaritenerife.com\/#website\",\"url\":\"https:\/\/seasafaritenerife.com\/\",\"name\":\"Sea Safari Tenerife Excursions\",\"description\":\"The best excursions in the south of Tenerife\",\"publisher\":{\"@id\":\"https:\/\/seasafaritenerife.com\/#organization\"},\"potentialAction\":[{\"@type\":\"SearchAction\",\"target\":{\"@type\":\"EntryPoint\",\"urlTemplate\":\"https:\/\/seasafaritenerife.com\/?s={search_term_string}\"},\"query-input\":{\"@type\":\"PropertyValueSpecification\",\"valueRequired\":true,\"valueName\":\"search_term_string\"}}],\"inLanguage\":\"fr-FR\"},{\"@type\":\"Organization\",\"@id\":\"https:\/\/seasafaritenerife.com\/#organization\",\"name\":\"Sea Safari Tenerife Excursions\",\"url\":\"https:\/\/seasafaritenerife.com\/\",\"logo\":{\"@type\":\"ImageObject\",\"inLanguage\":\"fr-FR\",\"@id\":\"https:\/\/seasafaritenerife.com\/#\/schema\/logo\/image\/\",\"url\":\"https:\/\/seasafaritenerife.com\/wp-content\/uploads\/2022\/03\/cropped-Logo_Tenerife-3_210930_065436.png\",\"contentUrl\":\"https:\/\/seasafaritenerife.com\/wp-content\/uploads\/2022\/03\/cropped-Logo_Tenerife-3_210930_065436.png\",\"width\":2362,\"height\":998,\"caption\":\"Sea Safari Tenerife Excursions\"},\"image\":{\"@id\":\"https:\/\/seasafaritenerife.com\/#\/schema\/logo\/image\/\"}}]}<\/script>\n<!-- \/ Yoast SEO plugin. -->","yoast_head_json":{"title":"Waterski - Wakeboard - Sea Safari Tenerife Excursions","robots":{"index":"index","follow":"follow","max-snippet":"max-snippet:-1","max-image-preview":"max-image-preview:large","max-video-preview":"max-video-preview:-1"},"canonical":"https:\/\/seasafaritenerife.com\/fr\/waterski-wakeboard\/","og_locale":"fr_FR","og_type":"article","og_title":"Waterski - Wakeboard - Sea Safari Tenerife Excursions","og_description":"Waterski &#8211; Wakeboard Waterski &#8211; Wakeboard We present you the best available excursions at the best price based on our experience! &#8211; What excursion do you want to book? &#8211; When do you want to book it? &#8211; For how many people do you want to book it? &#8211; WhatsApp in your own language! Added &hellip;","og_url":"https:\/\/seasafaritenerife.com\/fr\/waterski-wakeboard\/","og_site_name":"Sea Safari Tenerife Excursions","article_modified_time":"2023-02-21T08:12:15+00:00","og_image":[{"url":"https:\/\/seasafaritenerife.com\/wp-content\/uploads\/2023\/01\/Whatsapp-button-Sea.png","type":"","width":"","height":""}],"twitter_card":"summary_large_image","twitter_misc":{"Dur\u00e9e de lecture estim\u00e9e":"1 minute"},"schema":{"@context":"https:\/\/schema.org","@graph":[{"@type":"WebPage","@id":"https:\/\/seasafaritenerife.com\/waterski-wakeboard\/","url":"https:\/\/seasafaritenerife.com\/waterski-wakeboard\/","name":"Waterski - Wakeboard - Sea Safari Tenerife Excursions","isPartOf":{"@id":"https:\/\/seasafaritenerife.com\/#website"},"primaryImageOfPage":{"@id":"https:\/\/seasafaritenerife.com\/waterski-wakeboard\/#primaryimage"},"image":{"@id":"https:\/\/seasafaritenerife.com\/waterski-wakeboard\/#primaryimage"},"thumbnailUrl":"https:\/\/seasafaritenerife.com\/wp-content\/uploads\/2023\/01\/Whatsapp-button-Sea.png","datePublished":"2023-01-24T04:29:07+00:00","dateModified":"2023-02-21T08:12:15+00:00","breadcrumb":{"@id":"https:\/\/seasafaritenerife.com\/waterski-wakeboard\/#breadcrumb"},"inLanguage":"fr-FR","potentialAction":[{"@type":"ReadAction","target":["https:\/\/seasafaritenerife.com\/waterski-wakeboard\/"]}]},{"@type":"ImageObject","inLanguage":"fr-FR","@id":"https:\/\/seasafaritenerife.com\/waterski-wakeboard\/#primaryimage","url":"https:\/\/seasafaritenerife.com\/wp-content\/uploads\/2023\/01\/Whatsapp-button-Sea.png","contentUrl":"https:\/\/seasafaritenerife.com\/wp-content\/uploads\/2023\/01\/Whatsapp-button-Sea.png"},{"@type":"BreadcrumbList","@id":"https:\/\/seasafaritenerife.com\/waterski-wakeboard\/#breadcrumb","itemListElement":[{"@type":"ListItem","position":1,"name":"Home","item":"https:\/\/seasafaritenerife.com\/"},{"@type":"ListItem","position":2,"name":"Waterski &#8211; Wakeboard"}]},{"@type":"WebSite","@id":"https:\/\/seasafaritenerife.com\/#website","url":"https:\/\/seasafaritenerife.com\/","name":"Sea Safari Tenerife Excursions","description":"The best excursions in the south of Tenerife","publisher":{"@id":"https:\/\/seasafaritenerife.com\/#organization"},"potentialAction":[{"@type":"SearchAction","target":{"@type":"EntryPoint","urlTemplate":"https:\/\/seasafaritenerife.com\/?s={search_term_string}"},"query-input":{"@type":"PropertyValueSpecification","valueRequired":true,"valueName":"search_term_string"}}],"inLanguage":"fr-FR"},{"@type":"Organization","@id":"https:\/\/seasafaritenerife.com\/#organization","name":"Sea Safari Tenerife Excursions","url":"https:\/\/seasafaritenerife.com\/","logo":{"@type":"ImageObject","inLanguage":"fr-FR","@id":"https:\/\/seasafaritenerife.com\/#\/schema\/logo\/image\/","url":"https:\/\/seasafaritenerife.com\/wp-content\/uploads\/2022\/03\/cropped-Logo_Tenerife-3_210930_065436.png","contentUrl":"https:\/\/seasafaritenerife.com\/wp-content\/uploads\/2022\/03\/cropped-Logo_Tenerife-3_210930_065436.png","width":2362,"height":998,"caption":"Sea Safari Tenerife Excursions"},"image":{"@id":"https:\/\/seasafaritenerife.com\/#\/schema\/logo\/image\/"}}]}},"_links":{"self":[{"href":"https:\/\/seasafaritenerife.com\/fr\/wp-json\/wp\/v2\/pages\/11301","targetHints":{"allow":["GET"]}}],"collection":[{"href":"https:\/\/seasafaritenerife.com\/fr\/wp-json\/wp\/v2\/pages"}],"about":[{"href":"https:\/\/seasafaritenerife.com\/fr\/wp-json\/wp\/v2\/types\/page"}],"author":[{"embeddable":true,"href":"https:\/\/seasafaritenerife.com\/fr\/wp-json\/wp\/v2\/users\/2"}],"replies":[{"embeddable":true,"href":"https:\/\/seasafaritenerife.com\/fr\/wp-json\/wp\/v2\/comments?post=11301"}],"version-history":[{"count":0,"href":"https:\/\/seasafaritenerife.com\/fr\/wp-json\/wp\/v2\/pages\/11301\/revisions"}],"wp:attachment":[{"href":"https:\/\/seasafaritenerife.com\/fr\/wp-json\/wp\/v2\/media?parent=11301"}],"curies":[{"name":"wp","href":"https:\/\/api.w.org\/{rel}","templated":true}]}}