{"id":10764,"date":"2022-12-24T16:23:34","date_gmt":"2022-12-24T16:23:34","guid":{"rendered":"https:\/\/sea.testdom.be\/?page_id=10764"},"modified":"2023-02-21T08:11:42","modified_gmt":"2023-02-21T08:11:42","slug":"flyboard-waterski-wakeboard","status":"publish","type":"page","link":"https:\/\/seasafaritenerife.com\/es\/flyboard-waterski-wakeboard\/","title":{"rendered":"Flyboard"},"content":{"rendered":"<div data-elementor-type=\"wp-page\" data-elementor-id=\"10764\" class=\"elementor elementor-10764\" data-elementor-post-type=\"page\">\n\t\t\t\t\t\t<section class=\"elementor-section elementor-top-section elementor-element elementor-element-62d5b19b elementor-section-full_width overvi pad-bot-0 pad-top-0 elementor-section-height-default elementor-section-height-default\" data-id=\"62d5b19b\" data-element_type=\"section\" data-e-type=\"section\">\n\t\t\t\t\t\t<div class=\"elementor-container elementor-column-gap-no\">\n\t\t\t\t\t<div class=\"elementor-column elementor-col-100 elementor-top-column elementor-element elementor-element-350b116e\" data-id=\"350b116e\" data-element_type=\"column\" data-e-type=\"column\">\n\t\t\t<div class=\"elementor-widget-wrap\">\n\t\t\t\t\t\t\t<\/div>\n\t\t<\/div>\n\t\t\t\t\t<\/div>\n\t\t<\/section>\n\t\t\t\t<section class=\"elementor-section elementor-top-section elementor-element elementor-element-8cdcf5c elementor-section-boxed elementor-section-height-default elementor-section-height-default\" data-id=\"8cdcf5c\" data-element_type=\"section\" data-e-type=\"section\">\n\t\t\t\t\t\t<div class=\"elementor-container elementor-column-gap-default\">\n\t\t\t\t\t<div class=\"elementor-column elementor-col-100 elementor-top-column elementor-element elementor-element-916820f\" data-id=\"916820f\" data-element_type=\"column\" data-e-type=\"column\">\n\t\t\t<div class=\"elementor-widget-wrap elementor-element-populated\">\n\t\t\t\t\t\t<div class=\"elementor-element elementor-element-a971ee0 elementor-widget elementor-widget-section_title\" data-id=\"a971ee0\" data-element_type=\"widget\" data-e-type=\"widget\" data-widget_type=\"section_title.default\">\n\t\t\t\t<div class=\"elementor-widget-container\">\n\t\t\t\t\t        <div class=\"section-title section-title-dk-blue fl-wrap\">\n                        <h2><span>Flyboard<\/span><\/h2>            <div class=\"section-subtitle\">Flyboard<\/div>                            <span class=\"section-separator section-separator-dk-blue\"><\/span> \n                        \u00a1Te presentamos las mejores excursiones disponibles al mejor precio en base a nuestra experiencia!\n\n<br>\n<a href=\"https:\/\/api.whatsapp.com\/send\/?phone=34600670879&text=Hi%2C+I+would+like+to+book+the+%7BEXCURSION+NAME%7D+on+%7BDATE%7D+for+%7BNUMBER%7D+people.&type=phone_number&app_absent=0\" target=\"_blank\"><img decoding=\"async\" src=\"https:\/\/seasafaritenerife.com\/wp-content\/uploads\/2023\/01\/Whatsapp-button-Sea.png\" alt=\"Book with WhatsApp\" width=\"150\" ><\/a>\n\n<a href=\"mailto:holaseasafaritenerife@gmail.com\" target=\"_blank\"><img decoding=\"async\" src=\"https:\/\/seasafaritenerife.com\/wp-content\/uploads\/2023\/01\/Email-button-copy.png\" alt=\"Email us\" width=\"150\" ><\/a>\n\n<br><i>\n- \u00bfQu\u00e9 excursi\u00f3n quieres reservar?<br>\n- \u00bfCu\u00e1ndo quieres reservarlo?<br>\n- \u00bfPara cu\u00e1ntas personas quieres reservarlo?\n<br>\n- \u00a1WhatsApp en tu propio idioma!\n<\/i> \n        <\/div>\n        \t\t\t\t<\/div>\n\t\t\t\t<\/div>\n\t\t\t\t\t<\/div>\n\t\t<\/div>\n\t\t\t\t\t<\/div>\n\t\t<\/section>\n\t\t\t\t<section class=\"elementor-section elementor-top-section elementor-element elementor-element-29aa4779 elementor-section-full_width elementor-section-height-default elementor-section-height-default\" data-id=\"29aa4779\" data-element_type=\"section\" data-e-type=\"section\" id=\"sec2\">\n\t\t\t\t\t\t<div class=\"elementor-container elementor-column-gap-no\">\n\t\t\t\t\t<div class=\"elementor-column elementor-col-100 elementor-top-column elementor-element elementor-element-1405e0ac\" data-id=\"1405e0ac\" data-element_type=\"column\" data-e-type=\"column\">\n\t\t\t<div class=\"elementor-widget-wrap elementor-element-populated\">\n\t\t\t\t\t\t<section class=\"elementor-section elementor-inner-section elementor-element elementor-element-7419d2dd elementor-section-boxed elementor-section-height-default elementor-section-height-default\" data-id=\"7419d2dd\" data-element_type=\"section\" data-e-type=\"section\">\n\t\t\t\t\t\t<div class=\"elementor-container elementor-column-gap-default\">\n\t\t\t\t\t<div class=\"elementor-column elementor-col-100 elementor-inner-column elementor-element elementor-element-100703ca\" data-id=\"100703ca\" data-element_type=\"column\" data-e-type=\"column\">\n\t\t\t<div class=\"elementor-widget-wrap elementor-element-populated\">\n\t\t\t\t\t\t<div class=\"elementor-element elementor-element-61498feb elementor-widget elementor-widget-listings_grid_new\" data-id=\"61498feb\" data-element_type=\"widget\" data-e-type=\"widget\" data-widget_type=\"listings_grid_new.default\">\n\t\t\t\t<div class=\"elementor-widget-container\">\n\t\t\t\t\t        <!-- carousel -->\n        <div class=\"listings-grid-wrap clearfix three-cols\">\n\n\n                <!-- list-main-wrap-->\n                <div class=\"list-main-wrap fl-wrap card-listing cthiso-isotope-wrapper\">\n\n                    <div class=\"container\">\n                        <div class=\"row\">\n\n                            <div class=\"col-md-12\">\n\n                                \n                                <div class=\"cthiso-items cthiso-small-pad cthiso-three-cols clearfix cthiso-flexes\">\n                                    <div class=\"cthiso-sizer\"><\/div>\n                                    <div class=\"no-results-search\">\n\t<h2>No Results<\/h2>\n\t<p>There are no listings matching your search.<\/p>\n\t<p>Try changing your search filters or <a href=\"https:\/\/seasafaritenerife.com\/es\/wp-json\/wp\/v2\/pages\/10764\" class=\"reset-filter-link\">Reset Filter<\/a><\/p>\n<\/div>                                <\/div>\n                                                                <div class=\"view-all-listings\"><a href=\"https:\/\/seasafaritenerife.com\/es\/listing\/\"  class=\"btn  dec_btn  color2-bg\">Echa un vistazo a todos los listados<i class=\"fal fa-arrow-alt-right\"><\/i><\/a><\/div>\n                            <\/div>\n                            <!-- end col-md-12 -->\n                        <\/div>\n                        <!-- end row -->\n                    <\/div>\n                    <!-- end container -->\n                <\/div>\n                <!-- list-main-wrap end-->\n\n        <\/div>\n        <!--  listings-grid-wrap end-->\n\n        \n                \t\t\t\t<\/div>\n\t\t\t\t<\/div>\n\t\t\t\t\t<\/div>\n\t\t<\/div>\n\t\t\t\t\t<\/div>\n\t\t<\/section>\n\t\t\t\t\t<\/div>\n\t\t<\/div>\n\t\t\t\t\t<\/div>\n\t\t<\/section>\n\t\t\t\t<section class=\"elementor-section elementor-top-section elementor-element elementor-element-264438db elementor-section-boxed elementor-section-height-default elementor-section-height-default\" data-id=\"264438db\" data-element_type=\"section\" data-e-type=\"section\">\n\t\t\t\t\t\t<div class=\"elementor-container elementor-column-gap-default\">\n\t\t\t\t\t<div class=\"elementor-column elementor-col-100 elementor-top-column elementor-element elementor-element-6ab1afc\" data-id=\"6ab1afc\" data-element_type=\"column\" data-e-type=\"column\">\n\t\t\t<div class=\"elementor-widget-wrap elementor-element-populated\">\n\t\t\t\t\t\t<div class=\"elementor-element elementor-element-8b3059b elementor-widget elementor-widget-section_title\" data-id=\"8b3059b\" data-element_type=\"widget\" data-e-type=\"widget\" data-widget_type=\"section_title.default\">\n\t\t\t\t<div class=\"elementor-widget-container\">\n\t\t\t\t\t        <div class=\"section-title section-title-dk-blue fl-wrap\">\n                        <h2><span>Excursiones m\u00e1s populares<\/span><\/h2>            <div class=\"section-subtitle\">EXCURSIONES POPULARES<\/div>                            <span class=\"section-separator section-separator-dk-blue\"><\/span> \n                        <p>Nuestra selecci\u00f3n de las mejores y m\u00e1s populares excursiones con cr\u00edticas positivas.<\/p> \n        <\/div>\n        \t\t\t\t<\/div>\n\t\t\t\t<\/div>\n\t\t\t\t<section class=\"elementor-section elementor-inner-section elementor-element elementor-element-449fff4 elementor-section-boxed elementor-section-height-default elementor-section-height-default\" data-id=\"449fff4\" data-element_type=\"section\" data-e-type=\"section\">\n\t\t\t\t\t\t<div class=\"elementor-container elementor-column-gap-default\">\n\t\t\t\t\t<div class=\"elementor-column elementor-col-25 elementor-inner-column elementor-element elementor-element-259d3bd\" data-id=\"259d3bd\" data-element_type=\"column\" data-e-type=\"column\">\n\t\t\t<div class=\"elementor-widget-wrap elementor-element-populated\">\n\t\t\t\t\t\t<div class=\"elementor-element elementor-element-805e95c elementor-widget elementor-widget-image\" data-id=\"805e95c\" data-element_type=\"widget\" data-e-type=\"widget\" data-widget_type=\"image.default\">\n\t\t\t\t<div class=\"elementor-widget-container\">\n\t\t\t\t\t\t\t\t\t\t\t\t\t\t\t\t<a href=\"https:\/\/seasafaritenerife.com\/es\/boats-dolphin-whales\/\">\n\t\t\t\t\t\t\t<img fetchpriority=\"high\" width=\"724\" height=\"483\" class=\"attachment-large size-large wp-image-11536 lazy\" alt=\"\" data-src=\"https:\/\/seasafaritenerife.com\/wp-content\/uploads\/2023\/02\/Boats-watersports.png\" data-lazy=\"https:\/\/seasafaritenerife.com\/wp-content\/uploads\/2023\/02\/Boats-watersports.png\" \/>\t\t\t\t\t\t\t\t<\/a>\n\t\t\t\t\t\t\t\t\t\t\t\t\t\t\t<\/div>\n\t\t\t\t<\/div>\n\t\t\t\t\t<\/div>\n\t\t<\/div>\n\t\t\t\t<div class=\"elementor-column elementor-col-25 elementor-inner-column elementor-element elementor-element-ea46409\" data-id=\"ea46409\" data-element_type=\"column\" data-e-type=\"column\">\n\t\t\t<div class=\"elementor-widget-wrap elementor-element-populated\">\n\t\t\t\t\t\t<div class=\"elementor-element elementor-element-f2632f3 elementor-widget elementor-widget-image\" data-id=\"f2632f3\" data-element_type=\"widget\" data-e-type=\"widget\" data-widget_type=\"image.default\">\n\t\t\t\t<div class=\"elementor-widget-container\">\n\t\t\t\t\t\t\t\t\t\t\t\t\t\t\t\t<a href=\"https:\/\/seasafaritenerife.com\/es\/parks-shows-party\/\">\n\t\t\t\t\t\t\t<img width=\"700\" height=\"460\" class=\"attachment-large size-large wp-image-11534 lazy\" alt=\"\" data-src=\"https:\/\/seasafaritenerife.com\/wp-content\/uploads\/2023\/02\/Parks-Shows.png\" data-lazy=\"https:\/\/seasafaritenerife.com\/wp-content\/uploads\/2023\/02\/Parks-Shows.png\" \/>\t\t\t\t\t\t\t\t<\/a>\n\t\t\t\t\t\t\t\t\t\t\t\t\t\t\t<\/div>\n\t\t\t\t<\/div>\n\t\t\t\t\t<\/div>\n\t\t<\/div>\n\t\t\t\t<div class=\"elementor-column elementor-col-25 elementor-inner-column elementor-element elementor-element-98b0550\" data-id=\"98b0550\" data-element_type=\"column\" data-e-type=\"column\">\n\t\t\t<div class=\"elementor-widget-wrap elementor-element-populated\">\n\t\t\t\t\t\t<div class=\"elementor-element elementor-element-a28ce39 elementor-widget elementor-widget-image\" data-id=\"a28ce39\" data-element_type=\"widget\" data-e-type=\"widget\" data-widget_type=\"image.default\">\n\t\t\t\t<div class=\"elementor-widget-container\">\n\t\t\t\t\t\t\t\t\t\t\t\t\t\t\t\t<a href=\"https:\/\/seasafaritenerife.com\/es\/excursions\/\">\n\t\t\t\t\t\t\t<img width=\"700\" height=\"464\" class=\"attachment-large size-large wp-image-11538 lazy\" alt=\"\" data-src=\"https:\/\/seasafaritenerife.com\/wp-content\/uploads\/2023\/02\/Excursions.png\" data-lazy=\"https:\/\/seasafaritenerife.com\/wp-content\/uploads\/2023\/02\/Excursions.png\" \/>\t\t\t\t\t\t\t\t<\/a>\n\t\t\t\t\t\t\t\t\t\t\t\t\t\t\t<\/div>\n\t\t\t\t<\/div>\n\t\t\t\t\t<\/div>\n\t\t<\/div>\n\t\t\t\t<div class=\"elementor-column elementor-col-25 elementor-inner-column elementor-element elementor-element-0bf6046\" data-id=\"0bf6046\" data-element_type=\"column\" data-e-type=\"column\">\n\t\t\t<div class=\"elementor-widget-wrap elementor-element-populated\">\n\t\t\t\t\t\t<div class=\"elementor-element elementor-element-4dcf23c elementor-widget elementor-widget-image\" data-id=\"4dcf23c\" data-element_type=\"widget\" data-e-type=\"widget\" data-widget_type=\"image.default\">\n\t\t\t\t<div class=\"elementor-widget-container\">\n\t\t\t\t\t\t\t\t\t\t\t\t\t\t\t\t<a href=\"https:\/\/seasafaritenerife.com\/es\/listing\/sea-safari-boat\/\">\n\t\t\t\t\t\t\t<img loading=\"lazy\" width=\"702\" height=\"460\" class=\"attachment-large size-large wp-image-11537 lazy\" alt=\"\" data-src=\"https:\/\/seasafaritenerife.com\/wp-content\/uploads\/2023\/02\/Excursion-of-the-month.png\" data-lazy=\"https:\/\/seasafaritenerife.com\/wp-content\/uploads\/2023\/02\/Excursion-of-the-month.png\" \/>\t\t\t\t\t\t\t\t<\/a>\n\t\t\t\t\t\t\t\t\t\t\t\t\t\t\t<\/div>\n\t\t\t\t<\/div>\n\t\t\t\t\t<\/div>\n\t\t<\/div>\n\t\t\t\t\t<\/div>\n\t\t<\/section>\n\t\t\t\t\t<\/div>\n\t\t<\/div>\n\t\t\t\t\t<\/div>\n\t\t<\/section>\n\t\t\t\t<section class=\"elementor-section elementor-top-section elementor-element elementor-element-3f202865 parallax-section text-center elementor-section-boxed elementor-section-height-default elementor-section-height-default\" data-id=\"3f202865\" data-element_type=\"section\" data-e-type=\"section\" data-settings=\"{&quot;background_background&quot;:&quot;classic&quot;}\">\n\t\t\t\t\t\t\t<div class=\"elementor-background-overlay\"><\/div>\n\t\t\t\t\t\t\t<div class=\"elementor-container elementor-column-gap-default\">\n\t\t\t\t\t<div class=\"elementor-column elementor-col-100 elementor-top-column elementor-element elementor-element-345611d1\" data-id=\"345611d1\" data-element_type=\"column\" data-e-type=\"column\">\n\t\t\t<div class=\"elementor-widget-wrap elementor-element-populated\">\n\t\t\t\t\t\t<div class=\"elementor-element elementor-element-476427b3 elementor-widget elementor-widget-parallax_content\" data-id=\"476427b3\" data-element_type=\"widget\" data-e-type=\"widget\" data-widget_type=\"parallax_content.default\">\n\t\t\t\t<div class=\"elementor-widget-container\">\n\t\t\t\t\t        <div class=\"parallax-content\">\n            <div class=\"video_section-title fl-wrap\">\n                <h4>Solo las mejores excursiones<\/h4><h2>Hemos participado en cada excursi\u00f3n en nuestro sitio web nosotros mismos.<\/br> y estamos muy satisfechos con \u00e9l.<\/h2>            <\/div>\n        <\/div>\n        \t\t\t\t<\/div>\n\t\t\t\t<\/div>\n\t\t\t\t\t<\/div>\n\t\t<\/div>\n\t\t\t\t\t<\/div>\n\t\t<\/section>\n\t\t\t\t<\/div>","protected":false},"excerpt":{"rendered":"<p>Flyboard Flyboard We present you the best available excursions at the best price based on our experience! &#8211; What excursion do you want to book? &#8211; When do you want to book it? &#8211; For how many people do you want to book it? &#8211; WhatsApp in your own language! Added By TineV Now Open &hellip; <\/p>","protected":false},"author":4,"featured_media":0,"parent":0,"menu_order":0,"comment_status":"closed","ping_status":"closed","template":"elementor_header_footer","meta":{"_joinchat":[],"footnotes":""},"class_list":["post-10764","page","type-page","status-publish","hentry"],"yoast_head":"<!-- This site is optimized with the Yoast SEO plugin v26.6 - https:\/\/yoast.com\/wordpress\/plugins\/seo\/ -->\n<title>Flyboard - Sea Safari Tenerife Excursions<\/title>\n<meta name=\"robots\" content=\"index, follow, max-snippet:-1, max-image-preview:large, max-video-preview:-1\" \/>\n<link rel=\"canonical\" href=\"https:\/\/seasafaritenerife.com\/es\/flyboard-waterski-wakeboard\/\" \/>\n<meta property=\"og:locale\" content=\"es_ES\" \/>\n<meta property=\"og:type\" content=\"article\" \/>\n<meta property=\"og:title\" content=\"Flyboard - Sea Safari Tenerife Excursions\" \/>\n<meta property=\"og:description\" content=\"Flyboard Flyboard We present you the best available excursions at the best price based on our experience! &#8211; What excursion do you want to book? &#8211; When do you want to book it? &#8211; For how many people do you want to book it? &#8211; WhatsApp in your own language! Added By TineV Now Open &hellip;\" \/>\n<meta property=\"og:url\" content=\"https:\/\/seasafaritenerife.com\/es\/flyboard-waterski-wakeboard\/\" \/>\n<meta property=\"og:site_name\" content=\"Sea Safari Tenerife Excursions\" \/>\n<meta property=\"article:modified_time\" content=\"2023-02-21T08:11:42+00:00\" \/>\n<meta property=\"og:image\" content=\"https:\/\/seasafaritenerife.com\/wp-content\/uploads\/2023\/01\/Whatsapp-button-Sea.png\" \/>\n<meta name=\"twitter:card\" content=\"summary_large_image\" \/>\n<meta name=\"twitter:label1\" content=\"Tiempo de lectura\" \/>\n\t<meta name=\"twitter:data1\" content=\"1 minuto\" \/>\n<script type=\"application\/ld+json\" class=\"yoast-schema-graph\">{\"@context\":\"https:\/\/schema.org\",\"@graph\":[{\"@type\":\"WebPage\",\"@id\":\"https:\/\/seasafaritenerife.com\/flyboard-waterski-wakeboard\/\",\"url\":\"https:\/\/seasafaritenerife.com\/flyboard-waterski-wakeboard\/\",\"name\":\"Flyboard - Sea Safari Tenerife Excursions\",\"isPartOf\":{\"@id\":\"https:\/\/seasafaritenerife.com\/#website\"},\"primaryImageOfPage\":{\"@id\":\"https:\/\/seasafaritenerife.com\/flyboard-waterski-wakeboard\/#primaryimage\"},\"image\":{\"@id\":\"https:\/\/seasafaritenerife.com\/flyboard-waterski-wakeboard\/#primaryimage\"},\"thumbnailUrl\":\"https:\/\/seasafaritenerife.com\/wp-content\/uploads\/2023\/01\/Whatsapp-button-Sea.png\",\"datePublished\":\"2022-12-24T16:23:34+00:00\",\"dateModified\":\"2023-02-21T08:11:42+00:00\",\"breadcrumb\":{\"@id\":\"https:\/\/seasafaritenerife.com\/flyboard-waterski-wakeboard\/#breadcrumb\"},\"inLanguage\":\"es\",\"potentialAction\":[{\"@type\":\"ReadAction\",\"target\":[\"https:\/\/seasafaritenerife.com\/flyboard-waterski-wakeboard\/\"]}]},{\"@type\":\"ImageObject\",\"inLanguage\":\"es\",\"@id\":\"https:\/\/seasafaritenerife.com\/flyboard-waterski-wakeboard\/#primaryimage\",\"url\":\"https:\/\/seasafaritenerife.com\/wp-content\/uploads\/2023\/01\/Whatsapp-button-Sea.png\",\"contentUrl\":\"https:\/\/seasafaritenerife.com\/wp-content\/uploads\/2023\/01\/Whatsapp-button-Sea.png\"},{\"@type\":\"BreadcrumbList\",\"@id\":\"https:\/\/seasafaritenerife.com\/flyboard-waterski-wakeboard\/#breadcrumb\",\"itemListElement\":[{\"@type\":\"ListItem\",\"position\":1,\"name\":\"Home\",\"item\":\"https:\/\/seasafaritenerife.com\/\"},{\"@type\":\"ListItem\",\"position\":2,\"name\":\"Flyboard\"}]},{\"@type\":\"WebSite\",\"@id\":\"https:\/\/seasafaritenerife.com\/#website\",\"url\":\"https:\/\/seasafaritenerife.com\/\",\"name\":\"Sea Safari Tenerife Excursions\",\"description\":\"The best excursions in the south of Tenerife\",\"publisher\":{\"@id\":\"https:\/\/seasafaritenerife.com\/#organization\"},\"potentialAction\":[{\"@type\":\"SearchAction\",\"target\":{\"@type\":\"EntryPoint\",\"urlTemplate\":\"https:\/\/seasafaritenerife.com\/?s={search_term_string}\"},\"query-input\":{\"@type\":\"PropertyValueSpecification\",\"valueRequired\":true,\"valueName\":\"search_term_string\"}}],\"inLanguage\":\"es\"},{\"@type\":\"Organization\",\"@id\":\"https:\/\/seasafaritenerife.com\/#organization\",\"name\":\"Sea Safari Tenerife Excursions\",\"url\":\"https:\/\/seasafaritenerife.com\/\",\"logo\":{\"@type\":\"ImageObject\",\"inLanguage\":\"es\",\"@id\":\"https:\/\/seasafaritenerife.com\/#\/schema\/logo\/image\/\",\"url\":\"https:\/\/seasafaritenerife.com\/wp-content\/uploads\/2022\/03\/cropped-Logo_Tenerife-3_210930_065436.png\",\"contentUrl\":\"https:\/\/seasafaritenerife.com\/wp-content\/uploads\/2022\/03\/cropped-Logo_Tenerife-3_210930_065436.png\",\"width\":2362,\"height\":998,\"caption\":\"Sea Safari Tenerife Excursions\"},\"image\":{\"@id\":\"https:\/\/seasafaritenerife.com\/#\/schema\/logo\/image\/\"}}]}<\/script>\n<!-- \/ Yoast SEO plugin. -->","yoast_head_json":{"title":"Flyboard - Sea Safari Tenerife Excursions","robots":{"index":"index","follow":"follow","max-snippet":"max-snippet:-1","max-image-preview":"max-image-preview:large","max-video-preview":"max-video-preview:-1"},"canonical":"https:\/\/seasafaritenerife.com\/es\/flyboard-waterski-wakeboard\/","og_locale":"es_ES","og_type":"article","og_title":"Flyboard - Sea Safari Tenerife Excursions","og_description":"Flyboard Flyboard We present you the best available excursions at the best price based on our experience! &#8211; What excursion do you want to book? &#8211; When do you want to book it? &#8211; For how many people do you want to book it? &#8211; WhatsApp in your own language! Added By TineV Now Open &hellip;","og_url":"https:\/\/seasafaritenerife.com\/es\/flyboard-waterski-wakeboard\/","og_site_name":"Sea Safari Tenerife Excursions","article_modified_time":"2023-02-21T08:11:42+00:00","og_image":[{"url":"https:\/\/seasafaritenerife.com\/wp-content\/uploads\/2023\/01\/Whatsapp-button-Sea.png","type":"","width":"","height":""}],"twitter_card":"summary_large_image","twitter_misc":{"Tiempo de lectura":"1 minuto"},"schema":{"@context":"https:\/\/schema.org","@graph":[{"@type":"WebPage","@id":"https:\/\/seasafaritenerife.com\/flyboard-waterski-wakeboard\/","url":"https:\/\/seasafaritenerife.com\/flyboard-waterski-wakeboard\/","name":"Flyboard - Sea Safari Tenerife Excursions","isPartOf":{"@id":"https:\/\/seasafaritenerife.com\/#website"},"primaryImageOfPage":{"@id":"https:\/\/seasafaritenerife.com\/flyboard-waterski-wakeboard\/#primaryimage"},"image":{"@id":"https:\/\/seasafaritenerife.com\/flyboard-waterski-wakeboard\/#primaryimage"},"thumbnailUrl":"https:\/\/seasafaritenerife.com\/wp-content\/uploads\/2023\/01\/Whatsapp-button-Sea.png","datePublished":"2022-12-24T16:23:34+00:00","dateModified":"2023-02-21T08:11:42+00:00","breadcrumb":{"@id":"https:\/\/seasafaritenerife.com\/flyboard-waterski-wakeboard\/#breadcrumb"},"inLanguage":"es","potentialAction":[{"@type":"ReadAction","target":["https:\/\/seasafaritenerife.com\/flyboard-waterski-wakeboard\/"]}]},{"@type":"ImageObject","inLanguage":"es","@id":"https:\/\/seasafaritenerife.com\/flyboard-waterski-wakeboard\/#primaryimage","url":"https:\/\/seasafaritenerife.com\/wp-content\/uploads\/2023\/01\/Whatsapp-button-Sea.png","contentUrl":"https:\/\/seasafaritenerife.com\/wp-content\/uploads\/2023\/01\/Whatsapp-button-Sea.png"},{"@type":"BreadcrumbList","@id":"https:\/\/seasafaritenerife.com\/flyboard-waterski-wakeboard\/#breadcrumb","itemListElement":[{"@type":"ListItem","position":1,"name":"Home","item":"https:\/\/seasafaritenerife.com\/"},{"@type":"ListItem","position":2,"name":"Flyboard"}]},{"@type":"WebSite","@id":"https:\/\/seasafaritenerife.com\/#website","url":"https:\/\/seasafaritenerife.com\/","name":"Sea Safari Tenerife Excursions","description":"Las mejores excursiones en el sur de Tenerife","publisher":{"@id":"https:\/\/seasafaritenerife.com\/#organization"},"potentialAction":[{"@type":"SearchAction","target":{"@type":"EntryPoint","urlTemplate":"https:\/\/seasafaritenerife.com\/?s={search_term_string}"},"query-input":{"@type":"PropertyValueSpecification","valueRequired":true,"valueName":"search_term_string"}}],"inLanguage":"es"},{"@type":"Organization","@id":"https:\/\/seasafaritenerife.com\/#organization","name":"Sea Safari Tenerife Excursions","url":"https:\/\/seasafaritenerife.com\/","logo":{"@type":"ImageObject","inLanguage":"es","@id":"https:\/\/seasafaritenerife.com\/#\/schema\/logo\/image\/","url":"https:\/\/seasafaritenerife.com\/wp-content\/uploads\/2022\/03\/cropped-Logo_Tenerife-3_210930_065436.png","contentUrl":"https:\/\/seasafaritenerife.com\/wp-content\/uploads\/2022\/03\/cropped-Logo_Tenerife-3_210930_065436.png","width":2362,"height":998,"caption":"Sea Safari Tenerife Excursions"},"image":{"@id":"https:\/\/seasafaritenerife.com\/#\/schema\/logo\/image\/"}}]}},"_links":{"self":[{"href":"https:\/\/seasafaritenerife.com\/es\/wp-json\/wp\/v2\/pages\/10764","targetHints":{"allow":["GET"]}}],"collection":[{"href":"https:\/\/seasafaritenerife.com\/es\/wp-json\/wp\/v2\/pages"}],"about":[{"href":"https:\/\/seasafaritenerife.com\/es\/wp-json\/wp\/v2\/types\/page"}],"author":[{"embeddable":true,"href":"https:\/\/seasafaritenerife.com\/es\/wp-json\/wp\/v2\/users\/4"}],"replies":[{"embeddable":true,"href":"https:\/\/seasafaritenerife.com\/es\/wp-json\/wp\/v2\/comments?post=10764"}],"version-history":[{"count":0,"href":"https:\/\/seasafaritenerife.com\/es\/wp-json\/wp\/v2\/pages\/10764\/revisions"}],"wp:attachment":[{"href":"https:\/\/seasafaritenerife.com\/es\/wp-json\/wp\/v2\/media?parent=10764"}],"curies":[{"name":"wp","href":"https:\/\/api.w.org\/{rel}","templated":true}]}}