{"id":10395,"date":"2022-09-06T10:01:29","date_gmt":"2022-09-06T10:01:29","guid":{"rendered":"https:\/\/seasafaritenerife.com\/?page_id=10395"},"modified":"2022-09-06T11:01:22","modified_gmt":"2022-09-06T11:01:22","slug":"cancellation","status":"publish","type":"page","link":"https:\/\/seasafaritenerife.com\/es\/cancellation\/","title":{"rendered":"Cancellation"},"content":{"rendered":"<div data-elementor-type=\"wp-page\" data-elementor-id=\"10395\" class=\"elementor elementor-10395\" data-elementor-post-type=\"page\">\n\t\t\t\t\t\t<section class=\"elementor-section elementor-top-section elementor-element elementor-element-30df65b elementor-section-boxed elementor-section-height-default elementor-section-height-default\" data-id=\"30df65b\" data-element_type=\"section\" data-e-type=\"section\">\n\t\t\t\t\t\t<div class=\"elementor-container elementor-column-gap-default\">\n\t\t\t\t\t<div class=\"elementor-column elementor-col-100 elementor-top-column elementor-element elementor-element-a19aa47\" data-id=\"a19aa47\" data-element_type=\"column\" data-e-type=\"column\">\n\t\t\t<div class=\"elementor-widget-wrap elementor-element-populated\">\n\t\t\t\t\t\t<div class=\"elementor-element elementor-element-ef9de0a elementor-widget elementor-widget-heading\" data-id=\"ef9de0a\" data-element_type=\"widget\" data-e-type=\"widget\" data-widget_type=\"heading.default\">\n\t\t\t\t<div class=\"elementor-widget-container\">\n\t\t\t\t\t<h2 class=\"elementor-heading-title elementor-size-default\">Pol\u00edtica de cancelaci\u00f3n<br><\/h2>\t\t\t\t<\/div>\n\t\t\t\t<\/div>\n\t\t\t\t<div class=\"elementor-element elementor-element-df038b6 elementor-widget elementor-widget-text-editor\" data-id=\"df038b6\" data-element_type=\"widget\" data-e-type=\"widget\" data-widget_type=\"text-editor.default\">\n\t\t\t\t<div class=\"elementor-widget-container\">\n\t\t\t\t\t\t\t\t\t<p>Si te ves obligado a cancelar tu reserva te devolveremos el 100% hasta 48 horas antes del inicio de la excursi\u00f3n.<\/p>\n<p>Si cancela m\u00e1s de 48 horas antes del inicio, debe el pago completo.<\/p>\n<p>Si su excursi\u00f3n tiene que ser cancelada por el proveedor debido a influencias externas como el clima o fallas t\u00e9cnicas, intentaremos encontrar otro horario o excursi\u00f3n equivalente.<\/p>\n<p>Si no puede asistir en otro momento, recibir\u00e1 un reembolso completo.<\/p><p><br><\/p><p>No tomamos ning\u00fan riesgo. La ruta se puede cambiar si el clima o el oc\u00e9ano no son favorables.<\/p><p><br><\/p>\n<p><\/p>\n<p>Por favor, ll\u00e1menos tan pronto como sepa que no puede llegar a la hora\/d\u00eda reservado<\/p>\t\t\t\t\t\t\t\t<\/div>\n\t\t\t\t<\/div>\n\t\t\t\t\t<\/div>\n\t\t<\/div>\n\t\t\t\t\t<\/div>\n\t\t<\/section>\n\t\t\t\t<\/div>","protected":false},"excerpt":{"rendered":"<p>Cancellation Policy If you are forced to cancel your booking we will give you a 100% refund up to 48 hours before the start of the excursion. If you cancel later than 48 hours before the start, you owe the full payment. If your excursion has to be canceled by the provider due to external &hellip; <\/p>","protected":false},"author":2,"featured_media":0,"parent":0,"menu_order":0,"comment_status":"closed","ping_status":"closed","template":"elementor_header_footer","meta":{"_joinchat":[],"footnotes":""},"class_list":["post-10395","page","type-page","status-publish","hentry"],"yoast_head":"<!-- This site is optimized with the Yoast SEO plugin v26.6 - https:\/\/yoast.com\/wordpress\/plugins\/seo\/ -->\n<title>Cancellation - Sea Safari Tenerife Excursions<\/title>\n<meta name=\"robots\" content=\"index, follow, max-snippet:-1, max-image-preview:large, max-video-preview:-1\" \/>\n<link rel=\"canonical\" href=\"https:\/\/seasafaritenerife.com\/es\/cancellation\/\" \/>\n<meta property=\"og:locale\" content=\"es_ES\" \/>\n<meta property=\"og:type\" content=\"article\" \/>\n<meta property=\"og:title\" content=\"Cancellation - Sea Safari Tenerife Excursions\" \/>\n<meta property=\"og:description\" content=\"Cancellation Policy If you are forced to cancel your booking we will give you a 100% refund up to 48 hours before the start of the excursion. If you cancel later than 48 hours before the start, you owe the full payment. If your excursion has to be canceled by the provider due to external &hellip;\" \/>\n<meta property=\"og:url\" content=\"https:\/\/seasafaritenerife.com\/es\/cancellation\/\" \/>\n<meta property=\"og:site_name\" content=\"Sea Safari Tenerife Excursions\" \/>\n<meta property=\"article:modified_time\" content=\"2022-09-06T11:01:22+00:00\" \/>\n<meta property=\"og:image\" content=\"https:\/\/seasafaritenerife.com\/wp-content\/uploads\/2022\/04\/IMG_2607-scaled.jpeg\" \/>\n\t<meta property=\"og:image:width\" content=\"2560\" \/>\n\t<meta property=\"og:image:height\" content=\"1920\" \/>\n\t<meta property=\"og:image:type\" content=\"image\/jpeg\" \/>\n<meta name=\"twitter:card\" content=\"summary_large_image\" \/>\n<meta name=\"twitter:label1\" content=\"Tiempo de lectura\" \/>\n\t<meta name=\"twitter:data1\" content=\"1 minuto\" \/>\n<script type=\"application\/ld+json\" class=\"yoast-schema-graph\">{\"@context\":\"https:\/\/schema.org\",\"@graph\":[{\"@type\":\"WebPage\",\"@id\":\"https:\/\/seasafaritenerife.com\/cancellation\/\",\"url\":\"https:\/\/seasafaritenerife.com\/cancellation\/\",\"name\":\"Cancellation - Sea Safari Tenerife Excursions\",\"isPartOf\":{\"@id\":\"https:\/\/seasafaritenerife.com\/#website\"},\"datePublished\":\"2022-09-06T10:01:29+00:00\",\"dateModified\":\"2022-09-06T11:01:22+00:00\",\"breadcrumb\":{\"@id\":\"https:\/\/seasafaritenerife.com\/cancellation\/#breadcrumb\"},\"inLanguage\":\"es\",\"potentialAction\":[{\"@type\":\"ReadAction\",\"target\":[\"https:\/\/seasafaritenerife.com\/cancellation\/\"]}]},{\"@type\":\"BreadcrumbList\",\"@id\":\"https:\/\/seasafaritenerife.com\/cancellation\/#breadcrumb\",\"itemListElement\":[{\"@type\":\"ListItem\",\"position\":1,\"name\":\"Home\",\"item\":\"https:\/\/seasafaritenerife.com\/\"},{\"@type\":\"ListItem\",\"position\":2,\"name\":\"Cancellation\"}]},{\"@type\":\"WebSite\",\"@id\":\"https:\/\/seasafaritenerife.com\/#website\",\"url\":\"https:\/\/seasafaritenerife.com\/\",\"name\":\"Sea Safari Tenerife Excursions\",\"description\":\"The best excursions in the south of Tenerife\",\"publisher\":{\"@id\":\"https:\/\/seasafaritenerife.com\/#organization\"},\"potentialAction\":[{\"@type\":\"SearchAction\",\"target\":{\"@type\":\"EntryPoint\",\"urlTemplate\":\"https:\/\/seasafaritenerife.com\/?s={search_term_string}\"},\"query-input\":{\"@type\":\"PropertyValueSpecification\",\"valueRequired\":true,\"valueName\":\"search_term_string\"}}],\"inLanguage\":\"es\"},{\"@type\":\"Organization\",\"@id\":\"https:\/\/seasafaritenerife.com\/#organization\",\"name\":\"Sea Safari Tenerife Excursions\",\"url\":\"https:\/\/seasafaritenerife.com\/\",\"logo\":{\"@type\":\"ImageObject\",\"inLanguage\":\"es\",\"@id\":\"https:\/\/seasafaritenerife.com\/#\/schema\/logo\/image\/\",\"url\":\"https:\/\/seasafaritenerife.com\/wp-content\/uploads\/2022\/03\/cropped-Logo_Tenerife-3_210930_065436.png\",\"contentUrl\":\"https:\/\/seasafaritenerife.com\/wp-content\/uploads\/2022\/03\/cropped-Logo_Tenerife-3_210930_065436.png\",\"width\":2362,\"height\":998,\"caption\":\"Sea Safari Tenerife Excursions\"},\"image\":{\"@id\":\"https:\/\/seasafaritenerife.com\/#\/schema\/logo\/image\/\"}}]}<\/script>\n<!-- \/ Yoast SEO plugin. -->","yoast_head_json":{"title":"Cancellation - Sea Safari Tenerife Excursions","robots":{"index":"index","follow":"follow","max-snippet":"max-snippet:-1","max-image-preview":"max-image-preview:large","max-video-preview":"max-video-preview:-1"},"canonical":"https:\/\/seasafaritenerife.com\/es\/cancellation\/","og_locale":"es_ES","og_type":"article","og_title":"Cancellation - Sea Safari Tenerife Excursions","og_description":"Cancellation Policy If you are forced to cancel your booking we will give you a 100% refund up to 48 hours before the start of the excursion. If you cancel later than 48 hours before the start, you owe the full payment. If your excursion has to be canceled by the provider due to external &hellip;","og_url":"https:\/\/seasafaritenerife.com\/es\/cancellation\/","og_site_name":"Sea Safari Tenerife Excursions","article_modified_time":"2022-09-06T11:01:22+00:00","og_image":[{"width":2560,"height":1920,"url":"https:\/\/seasafaritenerife.com\/wp-content\/uploads\/2022\/04\/IMG_2607-scaled.jpeg","type":"image\/jpeg"}],"twitter_card":"summary_large_image","twitter_misc":{"Tiempo de lectura":"1 minuto"},"schema":{"@context":"https:\/\/schema.org","@graph":[{"@type":"WebPage","@id":"https:\/\/seasafaritenerife.com\/cancellation\/","url":"https:\/\/seasafaritenerife.com\/cancellation\/","name":"Cancellation - Sea Safari Tenerife Excursions","isPartOf":{"@id":"https:\/\/seasafaritenerife.com\/#website"},"datePublished":"2022-09-06T10:01:29+00:00","dateModified":"2022-09-06T11:01:22+00:00","breadcrumb":{"@id":"https:\/\/seasafaritenerife.com\/cancellation\/#breadcrumb"},"inLanguage":"es","potentialAction":[{"@type":"ReadAction","target":["https:\/\/seasafaritenerife.com\/cancellation\/"]}]},{"@type":"BreadcrumbList","@id":"https:\/\/seasafaritenerife.com\/cancellation\/#breadcrumb","itemListElement":[{"@type":"ListItem","position":1,"name":"Home","item":"https:\/\/seasafaritenerife.com\/"},{"@type":"ListItem","position":2,"name":"Cancellation"}]},{"@type":"WebSite","@id":"https:\/\/seasafaritenerife.com\/#website","url":"https:\/\/seasafaritenerife.com\/","name":"Sea Safari Tenerife Excursions","description":"Las mejores excursiones en el sur de Tenerife","publisher":{"@id":"https:\/\/seasafaritenerife.com\/#organization"},"potentialAction":[{"@type":"SearchAction","target":{"@type":"EntryPoint","urlTemplate":"https:\/\/seasafaritenerife.com\/?s={search_term_string}"},"query-input":{"@type":"PropertyValueSpecification","valueRequired":true,"valueName":"search_term_string"}}],"inLanguage":"es"},{"@type":"Organization","@id":"https:\/\/seasafaritenerife.com\/#organization","name":"Sea Safari Tenerife Excursions","url":"https:\/\/seasafaritenerife.com\/","logo":{"@type":"ImageObject","inLanguage":"es","@id":"https:\/\/seasafaritenerife.com\/#\/schema\/logo\/image\/","url":"https:\/\/seasafaritenerife.com\/wp-content\/uploads\/2022\/03\/cropped-Logo_Tenerife-3_210930_065436.png","contentUrl":"https:\/\/seasafaritenerife.com\/wp-content\/uploads\/2022\/03\/cropped-Logo_Tenerife-3_210930_065436.png","width":2362,"height":998,"caption":"Sea Safari Tenerife Excursions"},"image":{"@id":"https:\/\/seasafaritenerife.com\/#\/schema\/logo\/image\/"}}]}},"_links":{"self":[{"href":"https:\/\/seasafaritenerife.com\/es\/wp-json\/wp\/v2\/pages\/10395","targetHints":{"allow":["GET"]}}],"collection":[{"href":"https:\/\/seasafaritenerife.com\/es\/wp-json\/wp\/v2\/pages"}],"about":[{"href":"https:\/\/seasafaritenerife.com\/es\/wp-json\/wp\/v2\/types\/page"}],"author":[{"embeddable":true,"href":"https:\/\/seasafaritenerife.com\/es\/wp-json\/wp\/v2\/users\/2"}],"replies":[{"embeddable":true,"href":"https:\/\/seasafaritenerife.com\/es\/wp-json\/wp\/v2\/comments?post=10395"}],"version-history":[{"count":0,"href":"https:\/\/seasafaritenerife.com\/es\/wp-json\/wp\/v2\/pages\/10395\/revisions"}],"wp:attachment":[{"href":"https:\/\/seasafaritenerife.com\/es\/wp-json\/wp\/v2\/media?parent=10395"}],"curies":[{"name":"wp","href":"https:\/\/api.w.org\/{rel}","templated":true}]}}